{"id":59,"date":"2011-03-01T15:55:35","date_gmt":"2011-03-01T15:55:35","guid":{"rendered":"https:\/\/www.uskolavrsac.edu.rs\/blog\/?page_id=59"},"modified":"2011-03-30T18:55:29","modified_gmt":"2011-03-30T18:55:29","slug":"home","status":"publish","type":"page","link":"https:\/\/www.uskolavrsac.edu.rs\/blog\/","title":{"rendered":"Dobrodo\u0161li"},"content":{"rendered":"<p>Po\u0161tovani profesori, studenti i svi ostali posetioci bloga, \u017eelim vam dobrodo\u0161licu, u nadi da \u0107ete mnogo toga ovde nau\u010diti, ali\u00a0svojim aktivnostima omogu\u0107iti i drugima da steknu nova znanja.<\/p>\n<p>Par osnovnih napomena:<\/p>\n<p>&#8211; blog je otvoren kao podr\u0161ka\u00a0i mesto za realizaciju\u00a0studentskih obaveza iz predmeta Ra\u010dunari u vaspitno &#8211; obrazovnom radu,<br \/>\n&#8211; blog je deo aktivnosti\u00a0koje se realizuju u okviru projekta <em>Kvalitet u obrazovanju, visokom \u0161kolama i univerzitetima uz kori\u0161\u0107enje inovativnih metoda i novih laboratorija<\/em>,\u00a0koji se odvija\u00a0u saradnji sa partnerima iz Rumunije, Univerzitetom Joan Slavi\u0107 iz Temi\u0161vara kao deo IPA programa prekograni\u010dne saradnje Rumunija-Srbija kojeg finansira Evropska unija,\u00a0<br \/>\n&#8211; blog je deo oficijelnog sajta Visoke \u0161kole i sadr\u017eajima upravlja Predrag Prtljaga, nastavnik ve\u0161tina na strukovnim\u00a0studijama za navedeni predmet.<\/p>\n<p>\u017delim vam uspe\u0161no blogovanje!<\/p>\n<h3><span style=\"color: #7a1a1a;\">Registracija<\/span><\/h3>\n<p>Ovaj blog mo\u017ee da \u010dita svako. Kometari su takodje otvoreni, uz obavezno uno\u0161enje i-mejla.<br \/>\nDa biste ne\u0161to napisali\u00a0neophodno je da budete registrovani.<br \/>\nRegistracija je trenutno omogu\u0107ena samo profesorima i studentima Visoke \u0161kole.<br \/>\nRegistracija je mogu\u0107a putem obrasca dostupnog u \u0161koli u terminu konsultacija za predmet Ra\u010dunari u v-o radu (\u010detvrtkom od 9:00h do 11:00h) ili ponedeljkom u terminu ve\u017ebi od 09:00h do 12:00h.<br \/>\nRegistracija je mogu\u0107a (studentima, uz adekvatno obja\u0161njenje) i putem mejl adrese admin@uskolavrsac.in.rs, kada je neophodno dostaviti ime, prezime, broj indeksa, korisni\u010dko ime.<\/p>\n","protected":false},"excerpt":{"rendered":"<p>Po\u0161tovani profesori, studenti i svi ostali posetioci bloga, \u017eelim vam dobrodo\u0161licu, u nadi da \u0107ete mnogo toga ovde nau\u010diti, ali svojim aktivnostima omogu\u0107iti i drugima da steknu nova znanja.<\/p>\n<p>Par osnovnih napomena:<\/p>\n<p>&#8211; blog je otvoren kao podr\u0161ka i mesto za realizaciju studentskih obaveza iz predmeta Ra\u010dunari u vaspitno &#8211; obrazovnom radu, &#8211; blog je <span style=\"color:#777\"> . . . <\/p>\n","protected":false},"author":1,"featured_media":0,"parent":0,"menu_order":0,"comment_status":"open","ping_status":"open","template":"","meta":{"footnotes":""},"class_list":["post-59","page","type-page","status-publish","hentry","odd"],"_links":{"self":[{"href":"https:\/\/www.uskolavrsac.edu.rs\/blog\/index.php?rest_route=\/wp\/v2\/pages\/59","targetHints":{"allow":["GET"]}}],"collection":[{"href":"https:\/\/www.uskolavrsac.edu.rs\/blog\/index.php?rest_route=\/wp\/v2\/pages"}],"about":[{"href":"https:\/\/www.uskolavrsac.edu.rs\/blog\/index.php?rest_route=\/wp\/v2\/types\/page"}],"author":[{"embeddable":true,"href":"https:\/\/www.uskolavrsac.edu.rs\/blog\/index.php?rest_route=\/wp\/v2\/users\/1"}],"replies":[{"embeddable":true,"href":"https:\/\/www.uskolavrsac.edu.rs\/blog\/index.php?rest_route=%2Fwp%2Fv2%2Fcomments&post=59"}],"version-history":[{"count":11,"href":"https:\/\/www.uskolavrsac.edu.rs\/blog\/index.php?rest_route=\/wp\/v2\/pages\/59\/revisions"}],"predecessor-version":[{"id":527,"href":"https:\/\/www.uskolavrsac.edu.rs\/blog\/index.php?rest_route=\/wp\/v2\/pages\/59\/revisions\/527"}],"wp:attachment":[{"href":"https:\/\/www.uskolavrsac.edu.rs\/blog\/index.php?rest_route=%2Fwp%2Fv2%2Fmedia&parent=59"}],"curies":[{"name":"wp","href":"https:\/\/api.w.org\/{rel}","templated":true}]}}